{"id":428,"date":"2024-11-16T21:08:54","date_gmt":"2024-11-16T21:08:54","guid":{"rendered":"https:\/\/triforce.uno\/about\/"},"modified":"2025-01-17T20:51:51","modified_gmt":"2025-01-17T20:51:51","slug":"digital-marketing-2","status":"publish","type":"page","link":"https:\/\/triforce.uno\/en\/digital-marketing-2\/","title":{"rendered":"Digital Marketing"},"content":{"rendered":"<div data-elementor-type=\"wp-page\" data-elementor-id=\"428\" class=\"elementor elementor-428\">\n\t\t\t\t<div class=\"elementor-element elementor-element-c39488d e-flex e-con-boxed e-con e-parent\" data-id=\"c39488d\" data-element_type=\"container\" data-settings=\"{&quot;background_background&quot;:&quot;classic&quot;}\">\n\t\t\t\t\t<div class=\"e-con-inner\">\n\t\t\t\t<div class=\"elementor-element elementor-element-ad68727 elementor-widget elementor-widget-heading\" data-id=\"ad68727\" data-element_type=\"widget\" data-widget_type=\"heading.default\">\n\t\t\t\t<div class=\"elementor-widget-container\">\n\t\t\t\t\t<h1 class=\"elementor-heading-title elementor-size-default\">Digital Marketing<\/h1>\t\t\t\t<\/div>\n\t\t\t\t<\/div>\n\t\t\t\t\t<\/div>\n\t\t\t\t<\/div>\n\t\t<div class=\"elementor-element elementor-element-6791c66 e-flex e-con-boxed e-con e-parent\" data-id=\"6791c66\" data-element_type=\"container\">\n\t\t\t\t\t<div class=\"e-con-inner\">\n\t\t\t\t<div class=\"elementor-element elementor-element-2630d3b elementor-widget elementor-widget-heading\" data-id=\"2630d3b\" data-element_type=\"widget\" data-widget_type=\"heading.default\">\n\t\t\t\t<div class=\"elementor-widget-container\">\n\t\t\t\t\t<h2 class=\"elementor-heading-title elementor-size-default\">In today's digital landscape, an online presence is no longer an option but a strategic necessity. <\/h2>\t\t\t\t<\/div>\n\t\t\t\t<\/div>\n\t\t<div class=\"elementor-element elementor-element-c608570 e-flex e-con-boxed e-con e-child\" data-id=\"c608570\" data-element_type=\"container\">\n\t\t\t\t\t<div class=\"e-con-inner\">\n\t\t\t\t<div class=\"elementor-element elementor-element-d8c6c01 elementor-widget__width-initial elementor-widget-mobile__width-inherit elementor-widget elementor-widget-text-editor\" data-id=\"d8c6c01\" data-element_type=\"widget\" data-widget_type=\"text-editor.default\">\n\t\t\t\t<div class=\"elementor-widget-container\">\n\t\t\t\t\t\t\t\t\t<p>Digital transformation has redefined the way companies interact with their customers, creating new opportunities but also complex challenges to address.<\/p>\t\t\t\t\t\t\t\t<\/div>\n\t\t\t\t<\/div>\n\t\t\t\t<div class=\"elementor-element elementor-element-ec1f6e7 elementor-widget__width-initial elementor-widget-mobile__width-inherit elementor-widget elementor-widget-text-editor\" data-id=\"ec1f6e7\" data-element_type=\"widget\" data-widget_type=\"text-editor.default\">\n\t\t\t\t<div class=\"elementor-widget-container\">\n\t\t\t\t\t\t\t\t\t<p>Our approach to digital marketing integrates advanced technologies and innovative strategies to transform your digital presence into a measurable growth engine.<\/p>\t\t\t\t\t\t\t\t<\/div>\n\t\t\t\t<\/div>\n\t\t\t\t\t<\/div>\n\t\t\t\t<\/div>\n\t\t\t\t<div class=\"elementor-element elementor-element-3ff0a39 elementor-widget elementor-widget-image\" data-id=\"3ff0a39\" data-element_type=\"widget\" data-widget_type=\"image.default\">\n\t\t\t\t<div class=\"elementor-widget-container\">\n\t\t\t\t\t\t\t\t\t\t\t\t\t\t\t<img decoding=\"async\" src=\"https:\/\/triforce.uno\/wp-content\/uploads\/2024\/03\/features.jpg\" title=\"\" alt=\"\" loading=\"lazy\" \/>\t\t\t\t\t\t\t\t\t\t\t\t\t\t\t<\/div>\n\t\t\t\t<\/div>\n\t\t\t\t<div class=\"elementor-element elementor-element-e709193 elementor-widget elementor-widget-heading\" data-id=\"e709193\" data-element_type=\"widget\" data-widget_type=\"heading.default\">\n\t\t\t\t<div class=\"elementor-widget-container\">\n\t\t\t\t\t<h2 class=\"elementor-heading-title elementor-size-default\">The real challenge in B2B digital marketing is not simply to have an online presence, but to create a digital ecosystem that generates real value for your business. For this reason, our approach is based on three fundamental pillars:<\/h2>\t\t\t\t<\/div>\n\t\t\t\t<\/div>\n\t\t<div class=\"elementor-element elementor-element-b532d6e e-con-full e-flex e-con e-child\" data-id=\"b532d6e\" data-element_type=\"container\">\n\t\t<div class=\"elementor-element elementor-element-8e1f2f4 e-con-full e-flex e-con e-child\" data-id=\"8e1f2f4\" data-element_type=\"container\">\n\t\t\t\t<div class=\"elementor-element elementor-element-0fe8946 elementor-widget elementor-widget-heading\" data-id=\"0fe8946\" data-element_type=\"widget\" data-widget_type=\"heading.default\">\n\t\t\t\t<div class=\"elementor-widget-container\">\n\t\t\t\t\t<div class=\"elementor-heading-title elementor-size-default\">01<\/div>\t\t\t\t<\/div>\n\t\t\t\t<\/div>\n\t\t\t\t<div class=\"elementor-element elementor-element-391b852 elementor-widget elementor-widget-image\" data-id=\"391b852\" data-element_type=\"widget\" data-widget_type=\"image.default\">\n\t\t\t\t<div class=\"elementor-widget-container\">\n\t\t\t\t\t\t\t\t\t\t\t\t\t\t\t<img fetchpriority=\"high\" decoding=\"async\" width=\"826\" height=\"826\" src=\"https:\/\/triforce.uno\/wp-content\/uploads\/2025\/01\/Triforce_data_driven_strategy.webp\" class=\"attachment-large size-large wp-image-802\" alt=\"\" srcset=\"https:\/\/triforce.uno\/wp-content\/uploads\/2025\/01\/Triforce_data_driven_strategy.webp 826w, https:\/\/triforce.uno\/wp-content\/uploads\/2025\/01\/Triforce_data_driven_strategy-300x300.webp 300w, https:\/\/triforce.uno\/wp-content\/uploads\/2025\/01\/Triforce_data_driven_strategy-150x150.webp 150w, https:\/\/triforce.uno\/wp-content\/uploads\/2025\/01\/Triforce_data_driven_strategy-768x768.webp 768w, https:\/\/triforce.uno\/wp-content\/uploads\/2025\/01\/Triforce_data_driven_strategy-12x12.webp 12w, https:\/\/triforce.uno\/wp-content\/uploads\/2025\/01\/Triforce_data_driven_strategy-400x400.webp 400w, https:\/\/triforce.uno\/wp-content\/uploads\/2025\/01\/Triforce_data_driven_strategy-600x600.webp 600w\" sizes=\"(max-width: 826px) 100vw, 826px\" \/>\t\t\t\t\t\t\t\t\t\t\t\t\t\t\t<\/div>\n\t\t\t\t<\/div>\n\t\t\t\t<div class=\"elementor-element elementor-element-1e21cd7 elementor-widget elementor-widget-image-box\" data-id=\"1e21cd7\" data-element_type=\"widget\" data-widget_type=\"image-box.default\">\n\t\t\t\t<div class=\"elementor-widget-container\">\n\t\t\t\t\t<div class=\"elementor-image-box-wrapper\"><div class=\"elementor-image-box-content\"><h3 class=\"elementor-image-box-title\">Data-Driven Strategy<\/h3><p class=\"elementor-image-box-description\">Every decision we make is based on hard data and in-depth analysis. We constantly monitor the performance of our initiatives, adapting and optimizing strategies based on the results obtained.<\/p><\/div><\/div>\t\t\t\t<\/div>\n\t\t\t\t<\/div>\n\t\t\t\t<\/div>\n\t\t<div class=\"elementor-element elementor-element-1c06ddf e-con-full e-flex e-con e-child\" data-id=\"1c06ddf\" data-element_type=\"container\">\n\t\t\t\t<div class=\"elementor-element elementor-element-0c80e9f elementor-widget elementor-widget-heading\" data-id=\"0c80e9f\" data-element_type=\"widget\" data-widget_type=\"heading.default\">\n\t\t\t\t<div class=\"elementor-widget-container\">\n\t\t\t\t\t<div class=\"elementor-heading-title elementor-size-default\">02<\/div>\t\t\t\t<\/div>\n\t\t\t\t<\/div>\n\t\t\t\t<div class=\"elementor-element elementor-element-bf1f6d6 elementor-widget elementor-widget-image\" data-id=\"bf1f6d6\" data-element_type=\"widget\" data-widget_type=\"image.default\">\n\t\t\t\t<div class=\"elementor-widget-container\">\n\t\t\t\t\t\t\t\t\t\t\t\t\t\t\t<img decoding=\"async\" width=\"826\" height=\"826\" src=\"https:\/\/triforce.uno\/wp-content\/uploads\/2025\/01\/TRIFORCE-multichannel_integration_in_digital_marketing.webp\" class=\"attachment-large size-large wp-image-803\" alt=\"\" srcset=\"https:\/\/triforce.uno\/wp-content\/uploads\/2025\/01\/TRIFORCE-multichannel_integration_in_digital_marketing.webp 826w, https:\/\/triforce.uno\/wp-content\/uploads\/2025\/01\/TRIFORCE-multichannel_integration_in_digital_marketing-300x300.webp 300w, https:\/\/triforce.uno\/wp-content\/uploads\/2025\/01\/TRIFORCE-multichannel_integration_in_digital_marketing-150x150.webp 150w, https:\/\/triforce.uno\/wp-content\/uploads\/2025\/01\/TRIFORCE-multichannel_integration_in_digital_marketing-768x768.webp 768w, https:\/\/triforce.uno\/wp-content\/uploads\/2025\/01\/TRIFORCE-multichannel_integration_in_digital_marketing-12x12.webp 12w, https:\/\/triforce.uno\/wp-content\/uploads\/2025\/01\/TRIFORCE-multichannel_integration_in_digital_marketing-400x400.webp 400w, https:\/\/triforce.uno\/wp-content\/uploads\/2025\/01\/TRIFORCE-multichannel_integration_in_digital_marketing-600x600.webp 600w\" sizes=\"(max-width: 826px) 100vw, 826px\" \/>\t\t\t\t\t\t\t\t\t\t\t\t\t\t\t<\/div>\n\t\t\t\t<\/div>\n\t\t\t\t<div class=\"elementor-element elementor-element-652481d elementor-widget elementor-widget-image-box\" data-id=\"652481d\" data-element_type=\"widget\" data-widget_type=\"image-box.default\">\n\t\t\t\t<div class=\"elementor-widget-container\">\n\t\t\t\t\t<div class=\"elementor-image-box-wrapper\"><div class=\"elementor-image-box-content\"><h3 class=\"elementor-image-box-title\">Multichannel Integration<\/h3><p class=\"elementor-image-box-description\">We develop strategies that seamlessly integrate multiple digital channels, creating a consistent and personalized experience for your customers. From first contact to conversion, each channel is optimized to maximize the value of the customer journey.<\/p><\/div><\/div>\t\t\t\t<\/div>\n\t\t\t\t<\/div>\n\t\t\t\t<\/div>\n\t\t<div class=\"elementor-element elementor-element-fa335a5 e-con-full e-flex e-con e-child\" data-id=\"fa335a5\" data-element_type=\"container\">\n\t\t\t\t<div class=\"elementor-element elementor-element-95a7c69 elementor-widget elementor-widget-heading\" data-id=\"95a7c69\" data-element_type=\"widget\" data-widget_type=\"heading.default\">\n\t\t\t\t<div class=\"elementor-widget-container\">\n\t\t\t\t\t<div class=\"elementor-heading-title elementor-size-default\">03<\/div>\t\t\t\t<\/div>\n\t\t\t\t<\/div>\n\t\t\t\t<div class=\"elementor-element elementor-element-78a7c74 elementor-widget elementor-widget-image\" data-id=\"78a7c74\" data-element_type=\"widget\" data-widget_type=\"image.default\">\n\t\t\t\t<div class=\"elementor-widget-container\">\n\t\t\t\t\t\t\t\t\t\t\t\t\t\t\t<img decoding=\"async\" width=\"826\" height=\"826\" src=\"https:\/\/triforce.uno\/wp-content\/uploads\/2025\/01\/TRIFORCE-Digital-Marketing-Focus-On-results.webp\" class=\"attachment-large size-large wp-image-808\" alt=\"\" srcset=\"https:\/\/triforce.uno\/wp-content\/uploads\/2025\/01\/TRIFORCE-Digital-Marketing-Focus-On-results.webp 826w, https:\/\/triforce.uno\/wp-content\/uploads\/2025\/01\/TRIFORCE-Digital-Marketing-Focus-On-results-300x300.webp 300w, https:\/\/triforce.uno\/wp-content\/uploads\/2025\/01\/TRIFORCE-Digital-Marketing-Focus-On-results-150x150.webp 150w, https:\/\/triforce.uno\/wp-content\/uploads\/2025\/01\/TRIFORCE-Digital-Marketing-Focus-On-results-768x768.webp 768w, https:\/\/triforce.uno\/wp-content\/uploads\/2025\/01\/TRIFORCE-Digital-Marketing-Focus-On-results-12x12.webp 12w, https:\/\/triforce.uno\/wp-content\/uploads\/2025\/01\/TRIFORCE-Digital-Marketing-Focus-On-results-400x400.webp 400w, https:\/\/triforce.uno\/wp-content\/uploads\/2025\/01\/TRIFORCE-Digital-Marketing-Focus-On-results-600x600.webp 600w\" sizes=\"(max-width: 826px) 100vw, 826px\" \/>\t\t\t\t\t\t\t\t\t\t\t\t\t\t\t<\/div>\n\t\t\t\t<\/div>\n\t\t\t\t<div class=\"elementor-element elementor-element-5a77cc0 elementor-widget elementor-widget-image-box\" data-id=\"5a77cc0\" data-element_type=\"widget\" data-widget_type=\"image-box.default\">\n\t\t\t\t<div class=\"elementor-widget-container\">\n\t\t\t\t\t<div class=\"elementor-image-box-wrapper\"><div class=\"elementor-image-box-content\"><h3 class=\"elementor-image-box-title\">Focus on Results<\/h3><p class=\"elementor-image-box-description\">Our goal is not simply to increase your online visibility, but to generate concrete and measurable results for your business. Whether it's qualified leads, online sales or brand awareness, we define clear KPIs and work methodically to achieve them.<\/p><\/div><\/div>\t\t\t\t<\/div>\n\t\t\t\t<\/div>\n\t\t\t\t<\/div>\n\t\t\t\t<\/div>\n\t\t\t\t\t<\/div>\n\t\t\t\t<\/div>\n\t\t<div class=\"elementor-element elementor-element-9f088cf e-flex e-con-boxed e-con e-parent\" data-id=\"9f088cf\" data-element_type=\"container\" data-settings=\"{&quot;background_background&quot;:&quot;classic&quot;}\">\n\t\t\t\t\t<div class=\"e-con-inner\">\n\t\t<div class=\"elementor-element elementor-element-32857fa e-flex e-con-boxed e-con e-child\" data-id=\"32857fa\" data-element_type=\"container\">\n\t\t\t\t\t<div class=\"e-con-inner\">\n\t\t\t\t<div class=\"elementor-element elementor-element-daecf19 elementor-widget__width-initial elementor-widget-mobile__width-inherit elementor-widget elementor-widget-heading\" data-id=\"daecf19\" data-element_type=\"widget\" data-widget_type=\"heading.default\">\n\t\t\t\t<div class=\"elementor-widget-container\">\n\t\t\t\t\t<h3 class=\"elementor-heading-title elementor-size-default\">CRM<\/h3>\t\t\t\t<\/div>\n\t\t\t\t<\/div>\n\t\t\t\t<div class=\"elementor-element elementor-element-4ef8d8f elementor-widget__width-initial elementor-widget-mobile__width-inherit elementor-widget elementor-widget-text-editor\" data-id=\"4ef8d8f\" data-element_type=\"widget\" data-widget_type=\"text-editor.default\">\n\t\t\t\t<div class=\"elementor-widget-container\">\n\t\t\t\t\t\t\t\t\t<p>Our approach to CRM turns customer data into tangible growth opportunities. <br \/>We develop CRM strategies that go beyond simple contact management, creating an ecosystem that automates and optimizes every interaction with your customers.<\/p>\t\t\t\t\t\t\t\t<\/div>\n\t\t\t\t<\/div>\n\t\t\t\t\t<\/div>\n\t\t\t\t<\/div>\n\t\t<div class=\"elementor-element elementor-element-068a94d e-con-full e-flex e-con e-child\" data-id=\"068a94d\" data-element_type=\"container\">\n\t\t\t\t<div class=\"elementor-element elementor-element-06c2a4c elementor-widget__width-initial elementor-widget-mobile__width-inherit elementor-widget elementor-widget-heading\" data-id=\"06c2a4c\" data-element_type=\"widget\" data-widget_type=\"heading.default\">\n\t\t\t\t<div class=\"elementor-widget-container\">\n\t\t\t\t\t<h3 class=\"elementor-heading-title elementor-size-default\">SEO and Google ADS Strategies<\/h3>\t\t\t\t<\/div>\n\t\t\t\t<\/div>\n\t\t\t\t<div class=\"elementor-element elementor-element-64596ac elementor-widget__width-initial elementor-widget-mobile__width-inherit elementor-widget elementor-widget-text-editor\" data-id=\"64596ac\" data-element_type=\"widget\" data-widget_type=\"text-editor.default\">\n\t\t\t\t<div class=\"elementor-widget-container\">\n\t\t\t\t\t\t\t\t\t<p>We design online visibility strategies that combine advanced technical SEO and highly targeted Google ADS campaigns. Our goal is to maximize your return on investment through a data-driven approach to search engine presence.<\/p>\t\t\t\t\t\t\t\t<\/div>\n\t\t\t\t<\/div>\n\t\t\t\t<\/div>\n\t\t<div class=\"elementor-element elementor-element-3fe3bdb e-con-full e-flex e-con e-child\" data-id=\"3fe3bdb\" data-element_type=\"container\">\n\t\t\t\t<div class=\"elementor-element elementor-element-9b2badb elementor-widget__width-initial elementor-widget-mobile__width-inherit elementor-widget elementor-widget-heading\" data-id=\"9b2badb\" data-element_type=\"widget\" data-widget_type=\"heading.default\">\n\t\t\t\t<div class=\"elementor-widget-container\">\n\t\t\t\t\t<h3 class=\"elementor-heading-title elementor-size-default\">Social Media Marketing<\/h3>\t\t\t\t<\/div>\n\t\t\t\t<\/div>\n\t\t\t\t<div class=\"elementor-element elementor-element-365aad2 elementor-widget__width-initial elementor-widget-mobile__width-inherit elementor-widget elementor-widget-text-editor\" data-id=\"365aad2\" data-element_type=\"widget\" data-widget_type=\"text-editor.default\">\n\t\t\t\t<div class=\"elementor-widget-container\">\n\t\t\t\t\t\t\t\t\t<p>We transform social media into strategic channels for your B2B business. Our approach focuses on creating a professional presence that generates qualified leads and strengthens your market positioning.<\/p>\t\t\t\t\t\t\t\t<\/div>\n\t\t\t\t<\/div>\n\t\t\t\t<\/div>\n\t\t<div class=\"elementor-element elementor-element-d752646 e-con-full e-flex e-con e-child\" data-id=\"d752646\" data-element_type=\"container\">\n\t\t\t\t<div class=\"elementor-element elementor-element-7b5a445 elementor-widget__width-initial elementor-widget-mobile__width-inherit elementor-widget elementor-widget-heading\" data-id=\"7b5a445\" data-element_type=\"widget\" data-widget_type=\"heading.default\">\n\t\t\t\t<div class=\"elementor-widget-container\">\n\t\t\t\t\t<h3 class=\"elementor-heading-title elementor-size-default\">Content Marketing<\/h3>\t\t\t\t<\/div>\n\t\t\t\t<\/div>\n\t\t\t\t<div class=\"elementor-element elementor-element-e500c09 elementor-widget__width-initial elementor-widget-mobile__width-inherit elementor-widget elementor-widget-text-editor\" data-id=\"e500c09\" data-element_type=\"widget\" data-widget_type=\"text-editor.default\">\n\t\t\t\t<div class=\"elementor-widget-container\">\n\t\t\t\t\t\t\t\t\t<p>We create content that educates, inspires and converts. Our approach to B2B content marketing is based on a deep understanding of your industry and the information needs of your customers.<\/p>\t\t\t\t\t\t\t\t<\/div>\n\t\t\t\t<\/div>\n\t\t\t\t<\/div>\n\t\t<div class=\"elementor-element elementor-element-22160cf e-con-full e-flex e-con e-child\" data-id=\"22160cf\" data-element_type=\"container\">\n\t\t\t\t<div class=\"elementor-element elementor-element-d2e7e98 elementor-widget__width-initial elementor-widget-mobile__width-inherit elementor-widget elementor-widget-heading\" data-id=\"d2e7e98\" data-element_type=\"widget\" data-widget_type=\"heading.default\">\n\t\t\t\t<div class=\"elementor-widget-container\">\n\t\t\t\t\t<h3 class=\"elementor-heading-title elementor-size-default\">Email Marketing<\/h3>\t\t\t\t<\/div>\n\t\t\t\t<\/div>\n\t\t\t\t<div class=\"elementor-element elementor-element-0eb123f elementor-widget__width-initial elementor-widget-mobile__width-inherit elementor-widget elementor-widget-text-editor\" data-id=\"0eb123f\" data-element_type=\"widget\" data-widget_type=\"text-editor.default\">\n\t\t\t\t<div class=\"elementor-widget-container\">\n\t\t\t\t\t\t\t\t\t<p>We turn email marketing into a measurable growth tool. Our B2B email marketing strategies are designed to nurture customer relationships and generate tangible business opportunities.<\/p>\t\t\t\t\t\t\t\t<\/div>\n\t\t\t\t<\/div>\n\t\t\t\t<\/div>\n\t\t\t\t\t<\/div>\n\t\t\t\t<\/div>\n\t\t<div class=\"elementor-element elementor-element-f59d152 e-flex e-con-boxed e-con e-parent\" data-id=\"f59d152\" data-element_type=\"container\" data-settings=\"{&quot;background_background&quot;:&quot;classic&quot;}\">\n\t\t\t\t\t<div class=\"e-con-inner\">\n\t\t\t\t<div class=\"elementor-element elementor-element-6ad3183 elementor-widget elementor-widget-heading\" data-id=\"6ad3183\" data-element_type=\"widget\" data-widget_type=\"heading.default\">\n\t\t\t\t<div class=\"elementor-widget-container\">\n\t\t\t\t\t<h2 class=\"elementor-heading-title elementor-size-default\">Strategic Partnership<\/h2>\t\t\t\t<\/div>\n\t\t\t\t<\/div>\n\t\t\t\t<div class=\"elementor-element elementor-element-9d92820 elementor-widget elementor-widget-text-editor\" data-id=\"9d92820\" data-element_type=\"widget\" data-widget_type=\"text-editor.default\">\n\t\t\t\t<div class=\"elementor-widget-container\">\n\t\t\t\t\t\t\t\t\t<p>We are not just digital service providers, but strategic partners in your digital growth journey. <br \/>Our goal is to build an online presence that generates concrete and measurable results for your business.<\/p>\t\t\t\t\t\t\t\t<\/div>\n\t\t\t\t<\/div>\n\t\t\t\t<div class=\"elementor-element elementor-element-3282cd8 elementor-align-center elementor-widget elementor-widget-button\" data-id=\"3282cd8\" data-element_type=\"widget\" data-widget_type=\"button.default\">\n\t\t\t\t<div class=\"elementor-widget-container\">\n\t\t\t\t\t\t\t\t\t<div class=\"elementor-button-wrapper\">\n\t\t\t\t\t<a class=\"elementor-button elementor-button-link elementor-size-sm\" href=\"\/en\/contacts\/\">\n\t\t\t\t\t\t<span class=\"elementor-button-content-wrapper\">\n\t\t\t\t\t\t\t\t\t<span class=\"elementor-button-text\">Contact us<\/span>\n\t\t\t\t\t<\/span>\n\t\t\t\t\t<\/a>\n\t\t\t\t<\/div>\n\t\t\t\t\t\t\t\t<\/div>\n\t\t\t\t<\/div>\n\t\t\t\t\t<\/div>\n\t\t\t\t<\/div>\n\t\t\t\t<\/div>","protected":false},"excerpt":{"rendered":"<p>Digital Marketing Nel panorama digitale odierno, la presenza online non \u00e8 pi\u00f9 un&#8217;opzione ma una necessit\u00e0 strategica. La trasformazione digitale ha ridefinito il modo in cui le aziende interagiscono con i propri clienti, creando nuove opportunit\u00e0 ma anche sfide complesse da affrontare. Il nostro approccio al digital marketing integra tecnologie avanzate e strategie innovative per [&hellip;]<\/p>","protected":false},"author":1,"featured_media":0,"parent":0,"menu_order":0,"comment_status":"closed","ping_status":"closed","template":"elementor_header_footer","meta":{"site-sidebar-layout":"no-sidebar","site-content-layout":"","ast-site-content-layout":"full-width-container","site-content-style":"default","site-sidebar-style":"default","ast-global-header-display":"","ast-banner-title-visibility":"","ast-main-header-display":"","ast-hfb-above-header-display":"","ast-hfb-below-header-display":"","ast-hfb-mobile-header-display":"","site-post-title":"disabled","ast-breadcrumbs-content":"","ast-featured-img":"disabled","footer-sml-layout":"","theme-transparent-header-meta":"enabled","adv-header-id-meta":"","stick-header-meta":"","header-above-stick-meta":"","header-main-stick-meta":"","header-below-stick-meta":"","astra-migrate-meta-layouts":"default","ast-page-background-enabled":"default","ast-page-background-meta":{"desktop":{"background-color":"var(--ast-global-color-4)","background-image":"","background-repeat":"repeat","background-position":"center center","background-size":"auto","background-attachment":"scroll","background-type":"","background-media":"","overlay-type":"","overlay-color":"","overlay-opacity":"","overlay-gradient":""},"tablet":{"background-color":"","background-image":"","background-repeat":"repeat","background-position":"center center","background-size":"auto","background-attachment":"scroll","background-type":"","background-media":"","overlay-type":"","overlay-color":"","overlay-opacity":"","overlay-gradient":""},"mobile":{"background-color":"","background-image":"","background-repeat":"repeat","background-position":"center center","background-size":"auto","background-attachment":"scroll","background-type":"","background-media":"","overlay-type":"","overlay-color":"","overlay-opacity":"","overlay-gradient":""}},"ast-content-background-meta":{"desktop":{"background-color":"var(--ast-global-color-5)","background-image":"","background-repeat":"repeat","background-position":"center center","background-size":"auto","background-attachment":"scroll","background-type":"","background-media":"","overlay-type":"","overlay-color":"","overlay-opacity":"","overlay-gradient":""},"tablet":{"background-color":"var(--ast-global-color-5)","background-image":"","background-repeat":"repeat","background-position":"center center","background-size":"auto","background-attachment":"scroll","background-type":"","background-media":"","overlay-type":"","overlay-color":"","overlay-opacity":"","overlay-gradient":""},"mobile":{"background-color":"var(--ast-global-color-5)","background-image":"","background-repeat":"repeat","background-position":"center center","background-size":"auto","background-attachment":"scroll","background-type":"","background-media":"","overlay-type":"","overlay-color":"","overlay-opacity":"","overlay-gradient":""}},"footnotes":""},"class_list":["post-428","page","type-page","status-publish","hentry"],"_links":{"self":[{"href":"https:\/\/triforce.uno\/en\/wp-json\/wp\/v2\/pages\/428","targetHints":{"allow":["GET"]}}],"collection":[{"href":"https:\/\/triforce.uno\/en\/wp-json\/wp\/v2\/pages"}],"about":[{"href":"https:\/\/triforce.uno\/en\/wp-json\/wp\/v2\/types\/page"}],"author":[{"embeddable":true,"href":"https:\/\/triforce.uno\/en\/wp-json\/wp\/v2\/users\/1"}],"replies":[{"embeddable":true,"href":"https:\/\/triforce.uno\/en\/wp-json\/wp\/v2\/comments?post=428"}],"version-history":[{"count":22,"href":"https:\/\/triforce.uno\/en\/wp-json\/wp\/v2\/pages\/428\/revisions"}],"predecessor-version":[{"id":815,"href":"https:\/\/triforce.uno\/en\/wp-json\/wp\/v2\/pages\/428\/revisions\/815"}],"wp:attachment":[{"href":"https:\/\/triforce.uno\/en\/wp-json\/wp\/v2\/media?parent=428"}],"curies":[{"name":"wp","href":"https:\/\/api.w.org\/{rel}","templated":true}]}}